{"id":26300,"date":"2016-08-12T12:11:15","date_gmt":"2016-08-12T12:11:15","guid":{"rendered":"http:\/\/democontent.codex-themes.com\/thegem\/?page_id=26300"},"modified":"2020-03-01T15:57:42","modified_gmt":"2020-03-01T14:57:42","slug":"homepage-lawyers-attorneys-01","status":"publish","type":"page","link":"https:\/\/www.makris.de\/","title":{"rendered":"MAKRIS Rechtsanw\u00e4lte in D\u00fcsseldorf"},"content":{"rendered":"<div class=\"wpb-content-wrapper\"><p>[vc_row full_width=&#8221;stretch_row&#8221; full_height=&#8221;yes&#8221; equal_height=&#8221;yes&#8221; css=&#8221;.vc_custom_1583070590155{margin-bottom: 0px !important;padding-top: 170px !important;padding-bottom: 120px !important;background-image: url(https:\/\/www.makris.de\/wp-content\/uploads\/2020\/03\/5i0U2qG.png?id=31281) !important;background-position: center !important;background-repeat: no-repeat !important;background-size: cover !important;}&#8221; el_class=&#8221;back-size-respons&#8221;][vc_column][vc_row_inner el_class=&#8221;extra-title&#8221;][vc_column_inner width=&#8221;7\/12&#8243; offset=&#8221;vc_col-xs-12&#8243;][vc_column_text css_animation=&#8221;bounceInDown&#8221;]<\/p>\n<h1 class=\"title-xlarge\" style=\"font-size: 100px;\"><span style=\"color: #000000; font-family: opm;\"><span style=\"font-weight: normal;\">MAKRIS<\/span><\/span><\/h1>\n<p>[\/vc_column_text][vc_column_text css_animation=&#8221;bounceInUp&#8221; el_class=&#8221;rechtsanwalttext&#8221;]<\/p>\n<h1 class=\"title-xlarge\" style=\"text-align: right; font-size: 60px;\"><span style=\"color: #000000;\"><span style=\"font-family: opm;\">RECHTS<\/span><span style=\"font-family: opm;\">ANW\u00c4LTE<\/span><\/span><\/h1>\n<p>[\/vc_column_text][\/vc_column_inner][vc_column_inner el_class=&#8221;respons-text&#8221; width=&#8221;5\/12&#8243; offset=&#8221;vc_col-xs-12&#8243;]<div class=\"clearboth\"><\/div><style>#thegem-divider-6a058308703d4 {margin-top: 80px !important;}<\/style><div id=\"thegem-divider-6a058308703d4\" class=\"gem-divider  hide-on-mobile\" style=\"\" ><\/div>[vc_column_text css_animation=&#8221;bounceInRight&#8221;]<\/p>\n<h2><span style=\"color: #000000;\"><span style=\"display: inline-block; letter-spacing: 0px; line-height: 50px !important;\"><b>F\u00fcr Sie<\/b>\u00a0<\/span><span style=\"display: inline-block; letter-spacing: 0px; line-height: 50px !important;\">in\u00a0<b>D\u00fcsseldorf<\/b><\/span><\/span><\/h2>\n<p>[\/vc_column_text][\/vc_column_inner][\/vc_row_inner][vc_row_inner el_class=&#8221;extra-title&#8221;][vc_column_inner width=&#8221;7\/12&#8243; offset=&#8221;vc_col-xs-12&#8243;]<div class=\"clearboth\"><\/div><style>#thegem-divider-6a05830870438 {margin-top: 230px !important;}<\/style><div id=\"thegem-divider-6a05830870438\" class=\"gem-divider  \" style=\"\" ><\/div>[vc_column_text css_animation=&#8221;none&#8221; css=&#8221;.vc_custom_1534968126603{margin-top: 100px !important;}&#8221;]<\/p>\n<div class=\"styled-subtitle\"><span style=\"color: #ffffff; font-family: opm;\">Rechtsanwalt Ion Makris und Rechtsanwalt Andr\u00e1s Re\u00f6k<\/span><\/div>\n<div class=\"styled-subtitle\"><span style=\"color: #ffffff; font-family: opm;\">firmieren unter Makris Rechtsanw\u00e4lte als Gesellschaft b\u00fcrgerlichen Rechts (GbR). Unsere Kanzlei befindet sich in der D\u00fcsseldorfer City auf der Goltsteinstra\u00dfe 22 unmittelbar am Hofgarten.<\/span><\/div>\n<p>[\/vc_column_text]<div class=\"clearboth\"><\/div><style>#thegem-divider-6a0583087046d {margin-top: 60px !important;}<\/style><div id=\"thegem-divider-6a0583087046d\" class=\"gem-divider  \" style=\"\" ><\/div><style type=\"text\/css\">.thegem-button-6a058308706a83826.lazy-loading-before-start-animation .lazy-loading-item {opacity: 0;} body.thegem-effects-disabled .thegem-button-6a058308706a83826.lazy-loading-before-start-animation .lazy-loading-item {opacity: 1;}<\/style><style type=\"text\/css\">.thegem-button-6a058308706a83826 .gem-button svg {fill: #ffffff;}.thegem-button-6a058308706a83826 .gem-button:hover svg {fill: #ffffff;}<\/style><div class=\"gem-button-container gem-button-position-left thegem-button-6a058308706a83826     lazy-loading lazy-loading-before-start-animation\"  ><a class=\"gem-button gem-button-size-medium gem-button-style-outline gem-button-text-weight-thin gem-button-border-1 lazy-loading-item\" data-ll-effect=\"drop-right-without-wrap\" style=\"border-radius: 0px;border-color: #ffffff;color: #ffffff;\" onmouseleave=\"this.style.borderColor='#ffffff';this.style.color='#ffffff';\" onmouseenter=\"this.style.borderColor='#ffffff';this.style.color='#ffffff';\" href=\"https:\/\/www.makris.de\/#kontakt\" target=\"_self\">Kontakt<\/a><\/div> [\/vc_column_inner][vc_column_inner el_class=&#8221;respons-text&#8221; width=&#8221;5\/12&#8243; offset=&#8221;vc_col-xs-12&#8243;][\/vc_column_inner][\/vc_row_inner]<div class=\"clearboth\"><\/div><style>#thegem-divider-6a0583087073d {margin-top: 320px !important;}<\/style><div id=\"thegem-divider-6a0583087073d\" class=\"gem-divider  \" style=\"\" ><\/div>[vc_row_inner el_class=&#8221;top-padding-respons&#8221;][vc_column_inner width=&#8221;2\/3&#8243; offset=&#8221;vc_col-xs-12&#8243;]<div class=\"clearboth\"><\/div><style>#thegem-divider-6a05830870779 {margin-top: 70px !important;}<\/style><div id=\"thegem-divider-6a05830870779\" class=\"gem-divider  \" style=\"\" ><\/div>[vc_column_text css_animation=&#8221;right-to-left&#8221;]<\/p>\n<h2 class=\"new-color\" style=\"text-align: left;\"><span style=\"color: #ffffff; font-family: opm;\"><span style=\"font-weight: 400;\">Makris Rechtsanw\u00e4lte GbR<\/span><\/span><\/h2>\n<p>[\/vc_column_text]<div class=\"clearboth\"><\/div><style>#thegem-divider-6a058308707c3 {margin-top: -25px !important;}<\/style><div id=\"thegem-divider-6a058308707c3\" class=\"gem-divider  \" style=\"\" ><\/div>[vc_column_text css_animation=&#8221;right-to-left&#8221;]<\/p>\n<div class=\"title-xlarge new-color\"><span style=\"color: #ffffff; font-family: opm;\">Ion Makris Andras Re\u00f6k<\/span><\/div>\n<p>[\/vc_column_text]<div class=\"clearboth\"><\/div><style>#thegem-divider-6a058308707eb {margin-top: 50px !important;}<\/style><div id=\"thegem-divider-6a058308707eb\" class=\"gem-divider  \" style=\"\" ><\/div><div class=\"clearboth\"><\/div><style>#thegem-divider-6a0583087080e {margin-top: 65px !important;}<\/style><div id=\"thegem-divider-6a0583087080e\" class=\"gem-divider  \" style=\"\" ><\/div>[\/vc_column_inner][\/vc_row_inner]<div class=\"clearboth\"><\/div><div id=\"thegem-divider-6a0583087082c\" class=\"gem-divider  \" style=\"\" ><\/div><div class=\"clearboth\"><\/div><div id=\"thegem-divider-6a05830870849\" class=\"gem-divider  \" style=\"\" ><\/div><div class=\"clearboth\"><\/div><style>#thegem-divider-6a0583087086a {margin-top: 50px !important;}<\/style><div id=\"thegem-divider-6a0583087086a\" class=\"gem-divider  \" style=\"\" ><\/div>[\/vc_column][\/vc_row][vc_row full_width=&#8221;stretch_row&#8221; css=&#8221;.vc_custom_1583070665202{margin-bottom: 0px !important;padding-top: 100px !important;padding-bottom: 300px !important;background-image: url(https:\/\/www.makris.de\/wp-content\/uploads\/2020\/03\/VNV2PZl.png?id=31283) !important;background-position: center !important;background-repeat: no-repeat !important;background-size: cover !important;}&#8221;][vc_column width=&#8221;1\/2&#8243;][\/vc_column][vc_column width=&#8221;1\/2&#8243;][vc_column_text css_animation=&#8221;fadeInRightBig&#8221;]<\/p>\n<h1 style=\"text-align: left;\"><span style=\"font-size: 36pt;\"><strong><span style=\"font-family: opm;\">Unser <span style=\"color: #701414;\">Selbstverst\u00e4ndnis<\/span><\/span> <\/strong><\/span><\/h1>\n<p>[\/vc_column_text][vc_separator]<div class=\"clearboth\"><\/div><div id=\"thegem-divider-6a0583087088a\" class=\"gem-divider  \" style=\"\" ><\/div>[vc_column_text css_animation=&#8221;fadeInRightBig&#8221;]<span style=\"font-family: opm; color: #000000;\"><strong><span style=\"font-size: 18pt;\">Die Kanzlei wurde im Jahre 1985 von Rechtsanwalt Makris gegr\u00fcndet.<\/span><\/strong><\/span>[\/vc_column_text]<div class=\"clearboth\"><\/div><div id=\"thegem-divider-6a058308708a4\" class=\"gem-divider  \" style=\"\" ><\/div>[vc_column_text css_animation=&#8221;fadeInRightBig&#8221;]<span style=\"color: #000000;\"><strong><span style=\"font-family: opm; font-size: 14pt;\">Seit dem Jahr 1999 \u2013Herr Rechtsanwalt Re\u00f6k war in die Kanzlei eingetreten- firmieren wir als Soziet\u00e4t in Gleichberechtigung unter \u201eMakris Rechtsanw\u00e4lte GbR\u201c. Gemeinsam ist uns der Wunsch mit juristischer Genauigkeit, aber auch mit Nachdruck die Interessen unserer Mandanten zu vertreten. Dies gilt gleicherma\u00dfen f\u00fcr das Bem\u00fchen, Probleme au\u00dfergerichtlich zu l\u00f6sen, wie auch f\u00fcr die gerichtliche Durchsetzung von Rechten oder die Abwehr zu Unrecht behaupteter Rechte. Dies und eine fundierte, auf in vielen Jahren erworbenem Wissen gr\u00fcndende Beratung, die unserem Handeln f\u00fcr Sie nach au\u00dfen immer vorausgeht, bildet die Grundlage erfolgreicher anwaltlicher T\u00e4tigkeit im wohlverstandenen Interesse unserer Mandanten. <\/span><\/strong><\/span><\/p>\n<p><span style=\"color: #000000;\"><strong><span style=\"font-family: opm; font-size: 14pt;\">Egal \u201ewo unseren Mandanten der Schuh dr\u00fcckt\u201c \u2013 Wir sind f\u00fcr sie der erste Ansprechpartner und pr\u00fcfen sorgf\u00e4ltig, ob ihr Problem von uns einer optimalen L\u00f6sung zugef\u00fchrt werden kann. Dabei sind wir bundesweit und auch international \u2013 gegebenenfalls im Benehmen mit uns seit Jahren verbundenen Kolleginnen und Kollegen &#8211; \u201eunterwegs\u201c.<\/span><\/strong><\/span><\/p>\n<p><span style=\"color: #000000;\"><strong><span style=\"font-size: 14pt;\"><span style=\"font-family: opm;\">Nehmen wir ein Mandat an, k\u00f6nnen unsere Auftraggeber sicher sein, dass wir mit Sorgfalt und Durchsetzungskraft t\u00e4tig sind.<\/span> <\/span><\/strong><\/span>[\/vc_column_text][\/vc_column][\/vc_row][vc_row full_width=&#8221;stretch_row_content_no_spaces&#8221; equal_height=&#8221;yes&#8221; css=&#8221;.vc_custom_1534696262542{margin-bottom: 0px !important;}&#8221; el_class=&#8221;contact-row&#8221;][vc_column width=&#8221;1\/3&#8243; css=&#8221;.vc_custom_1583071886190{margin-top: 0px !important;margin-bottom: 0px !important;background-color: #612936 !important;background-position: center !important;background-repeat: no-repeat !important;background-size: cover !important;}&#8221; offset=&#8221;vc_col-lg-12 vc_col-md-12 vc_col-xs-12&#8243;]<div class=\"centered-box gem-image-centered-box\" ><div class=\"gem-image gem-wrapbox gem-wrapbox-style-default gem-wrapbox-position-centered  thegem-custom-6a058308708d99188\"  style=\"width: 300px;\" ><div class=\"gem-wrapbox-inner \" ><img class=\"gem-wrapbox-element img-responsive\" src=\"https:\/\/www.makris.de\/wp-content\/uploads\/2018\/09\/164x47-01.png\" alt=\"\"\/><\/div><\/div><\/div><div class=\"clearboth\"><\/div><style>#thegem-divider-6a05830870fef {margin-top: 80px !important;}<\/style><div id=\"thegem-divider-6a05830870fef\" class=\"gem-divider  \" style=\"\" ><\/div>[vc_row_inner el_id=&#8221;kontakt&#8221;][vc_column_inner width=&#8221;1\/4&#8243; offset=&#8221;vc_col-lg-4 vc_col-md-6 vc_col-xs-12&#8243;]<div class=\"gem-icon-with-text gem-icon-with-text-icon-size-small gem-icon-with-text-flow\" ><div style=\"margin-bottom:0px;margin-top:0px; \" class=\"gem-icon-with-text-icon\"><div class=\"gem-icon gem-icon-pack-elegant gem-icon-size-small  gem-icon-shape-square gem-simple-icon\"  style=\"opacity: 1;\"><div class=\"gem-icon-inner\" style=\"\"><span class=\"gem-icon-half-1\" style=\"color: #ffffff;\"><span class=\"back-angle\">&#xe01d;<\/span><\/span><span class=\"gem-icon-half-2\" style=\"color: #ffffff;\"><span class=\"back-angle\">&#xe01d;<\/span><\/span><\/div><\/div><\/div><div class=\"gem-icon-with-text-content\" ><div class=\"gem-icon-with-text-text\">[vc_column_text]<span style=\"color: #ffffff; font-family: opm;\">Adresse:<\/span>[\/vc_column_text][vc_column_text]<span style=\"color: #ffffff; font-family: opm;\">Makris Rechtsanw\u00e4lte GbR<\/span><\/p>\n<p><span style=\"color: #ffffff; font-family: opm;\">Goltsteinstra\u00dfe 22<\/span><\/p>\n<p><span style=\"color: #ffffff; font-family: opm;\">D-40211 D\u00fcsseldorf<\/span>[\/vc_column_text]<\/div><\/div><div class=\"clearboth\"><\/div><\/div>[\/vc_column_inner][vc_column_inner width=&#8221;1\/4&#8243; offset=&#8221;vc_col-lg-4 vc_col-md-6 vc_col-xs-12&#8243;]<div class=\"gem-icon-with-text gem-icon-with-text-icon-size-small gem-icon-with-text-flow\" ><div style=\"margin-bottom:0px;margin-top:0px; \" class=\"gem-icon-with-text-icon\"><div class=\"gem-icon gem-icon-pack-elegant gem-icon-size-small  gem-icon-shape-square gem-simple-icon\"  style=\"opacity: 1;\"><div class=\"gem-icon-inner\" style=\"\"><span class=\"gem-icon-half-1\" style=\"color: #ffffff;\"><span class=\"back-angle\">&#xe090;<\/span><\/span><span class=\"gem-icon-half-2\" style=\"color: #ffffff;\"><span class=\"back-angle\">&#xe090;<\/span><\/span><\/div><\/div><\/div><div class=\"gem-icon-with-text-content\" ><div class=\"gem-icon-with-text-text\">[vc_column_text]<span style=\"color: #ffffff; font-family: opm;\">Telefonnummer: 0211-173350<\/span>[\/vc_column_text]<\/div><\/div><div class=\"clearboth\"><\/div><\/div><div class=\"gem-icon-with-text gem-icon-with-text-icon-size-small gem-icon-with-text-flow\" ><div style=\"margin-bottom:0px;margin-top:0px; \" class=\"gem-icon-with-text-icon\"><div class=\"gem-icon gem-icon-pack-elegant gem-icon-size-small  gem-icon-shape-square gem-simple-icon\"  style=\"opacity: 1;\"><div class=\"gem-icon-inner\" style=\"\"><span class=\"gem-icon-half-1\" style=\"color: #ffffff;\"><span class=\"back-angle\">&#x62;<\/span><\/span><span class=\"gem-icon-half-2\" style=\"color: #ffffff;\"><span class=\"back-angle\">&#x62;<\/span><\/span><\/div><\/div><\/div><div class=\"gem-icon-with-text-content\" ><div class=\"gem-icon-with-text-text\">[vc_column_text]<span style=\"color: #ffffff; font-family: opm;\">Fax: 0211-1733520<\/span>[\/vc_column_text]<\/div><\/div><div class=\"clearboth\"><\/div><\/div><div class=\"gem-icon-with-text gem-icon-with-text-icon-size-small gem-icon-with-text-flow\" ><div style=\"margin-bottom:0px;margin-top:0px; \" class=\"gem-icon-with-text-icon\"><div class=\"gem-icon gem-icon-pack-elegant gem-icon-size-small  gem-icon-shape-square gem-simple-icon\"  style=\"opacity: 1;\"><div class=\"gem-icon-inner\" style=\"\"><span class=\"gem-icon-half-1\" style=\"color: #ffffff;\"><span class=\"back-angle\">&#xe010;<\/span><\/span><span class=\"gem-icon-half-2\" style=\"color: #ffffff;\"><span class=\"back-angle\">&#xe010;<\/span><\/span><\/div><\/div><\/div><div class=\"gem-icon-with-text-content\" ><div class=\"gem-icon-with-text-text\">[vc_column_text]<span style=\"color: #ffffff;\"><span style=\"font-family: opm;\">Email: <\/span><a style=\"color: #ffffff;\" href=\"mailto:info@makris.de\"><span style=\"font-family: opm;\">info@makris.de<\/span> <\/a><\/span>[\/vc_column_text]<\/div><\/div><div class=\"clearboth\"><\/div><\/div>[\/vc_column_inner][vc_column_inner width=&#8221;1\/4&#8243; offset=&#8221;vc_col-lg-4 vc_col-md-12 vc_col-xs-12&#8243;]<div class=\"gem-icon-with-text gem-icon-with-text-icon-size-small gem-icon-with-text-flow\" ><div style=\"margin-bottom:0px;margin-top:0px; \" class=\"gem-icon-with-text-icon\"><div class=\"gem-icon gem-icon-pack-elegant gem-icon-size-small  gem-icon-shape-square gem-simple-icon\"  style=\"opacity: 1;\"><div class=\"gem-icon-inner\" style=\"\"><span class=\"gem-icon-half-1\" style=\"color: #ffffff;\"><span class=\"back-angle\">&#xe023;<\/span><\/span><span class=\"gem-icon-half-2\" style=\"color: #ffffff;\"><span class=\"back-angle\">&#xe023;<\/span><\/span><\/div><\/div><\/div><div class=\"gem-icon-with-text-content\" ><div class=\"gem-icon-with-text-text\">[vc_column_text]<span style=\"color: #ffffff; font-family: opm;\">B\u00fcrozeiten:<\/span>[\/vc_column_text][vc_column_text]<span style=\"color: #ffffff; font-family: opm;\">Mo\/Di\/Do: 09:00 \u2013 12:30, 13:30 \u2013 17:00<\/span><\/p>\n<p><span style=\"color: #ffffff; font-family: opm;\"> Mi\/Fr: 09:00 \u2013 13:00<\/span>[\/vc_column_text]<\/div><\/div><div class=\"clearboth\"><\/div><\/div>[\/vc_column_inner][\/vc_row_inner][\/vc_column][\/vc_row]<\/p>\n<\/div>","protected":false},"excerpt":{"rendered":"<p>[vc_row full_width=&#8221;stretch_row&#8221; full_height=&#8221;yes&#8221; equal_height=&#8221;yes&#8221; css=&#8221;.vc_custom_1583070590155{margin-bottom: 0px !important;padding-top: 170px !important;padding-bottom: 120px !important;background-image: url(https:\/\/www.makris.de\/wp-content\/uploads\/2020\/03\/5i0U2qG.png?id=31281) !important;background-position: center !important;background-repeat: no-repeat !important;background-size: cover !important;}&#8221; el_class=&#8221;back-size-respons&#8221;][vc_column][vc_row_inner&#8230;<\/p>\n","protected":false},"author":2,"featured_media":0,"parent":29848,"menu_order":0,"comment_status":"closed","ping_status":"closed","template":"","meta":{"footnotes":""},"class_list":["post-26300","page","type-page","status-publish"],"_links":{"self":[{"href":"https:\/\/www.makris.de\/index.php?rest_route=\/wp\/v2\/pages\/26300","targetHints":{"allow":["GET"]}}],"collection":[{"href":"https:\/\/www.makris.de\/index.php?rest_route=\/wp\/v2\/pages"}],"about":[{"href":"https:\/\/www.makris.de\/index.php?rest_route=\/wp\/v2\/types\/page"}],"author":[{"embeddable":true,"href":"https:\/\/www.makris.de\/index.php?rest_route=\/wp\/v2\/users\/2"}],"replies":[{"embeddable":true,"href":"https:\/\/www.makris.de\/index.php?rest_route=%2Fwp%2Fv2%2Fcomments&post=26300"}],"version-history":[{"count":43,"href":"https:\/\/www.makris.de\/index.php?rest_route=\/wp\/v2\/pages\/26300\/revisions"}],"predecessor-version":[{"id":31300,"href":"https:\/\/www.makris.de\/index.php?rest_route=\/wp\/v2\/pages\/26300\/revisions\/31300"}],"up":[{"embeddable":true,"href":"https:\/\/www.makris.de\/index.php?rest_route=\/wp\/v2\/pages\/29848"}],"wp:attachment":[{"href":"https:\/\/www.makris.de\/index.php?rest_route=%2Fwp%2Fv2%2Fmedia&parent=26300"}],"curies":[{"name":"wp","href":"https:\/\/api.w.org\/{rel}","templated":true}]}}